{"id":1736,"date":"2025-07-02T14:50:30","date_gmt":"2025-07-02T14:50:30","guid":{"rendered":"https:\/\/www.wieserhof.info\/?page_id=1736"},"modified":"2025-08-08T13:58:32","modified_gmt":"2025-08-08T13:58:32","slug":"colophon","status":"publish","type":"page","link":"https:\/\/www.wieserhof.info\/it\/colophon\/","title":{"rendered":"Colophon"},"content":{"rendered":"\t\t<div data-elementor-type=\"wp-page\" data-elementor-id=\"1736\" class=\"elementor elementor-1736 elementor-390\" data-elementor-post-type=\"page\">\n\t\t\t\t<div class=\"elementor-element elementor-element-3b00745f e-con-full entrancecontainer e-flex e-con e-parent\" data-id=\"3b00745f\" data-element_type=\"container\" data-settings=\"{&quot;background_background&quot;:&quot;video&quot;}\">\n\t\t\t\t<div class=\"elementor-element elementor-element-1c93982b entrance-carousell75 elementor-widget elementor-widget-image-carousel\" data-id=\"1c93982b\" data-element_type=\"widget\" data-settings=\"{&quot;slides_to_show&quot;:&quot;1&quot;,&quot;navigation&quot;:&quot;none&quot;,&quot;autoplay&quot;:&quot;yes&quot;,&quot;pause_on_hover&quot;:&quot;yes&quot;,&quot;pause_on_interaction&quot;:&quot;yes&quot;,&quot;autoplay_speed&quot;:5000,&quot;infinite&quot;:&quot;yes&quot;,&quot;effect&quot;:&quot;slide&quot;,&quot;speed&quot;:500}\" data-widget_type=\"image-carousel.default\">\n\t\t\t\t<div class=\"elementor-widget-container\">\n\t\t\t\t\t\t\t<div class=\"elementor-image-carousel-wrapper swiper\" role=\"region\" aria-roledescription=\"carousel\" aria-label=\"Bild Karussell\" dir=\"ltr\">\n\t\t\t<div class=\"elementor-image-carousel swiper-wrapper\" aria-live=\"off\">\n\t\t\t\t\t\t\t\t<div class=\"swiper-slide\" role=\"group\" aria-roledescription=\"slide\" aria-label=\"1 di 1\"><figure class=\"swiper-slide-inner\"><img decoding=\"async\" class=\"swiper-slide-image\" src=\"https:\/\/www.wieserhof.info\/wp-content\/uploads\/2025\/07\/sommer-wieserhof.jpg\" alt=\"sommer-wieserhof\" \/><\/figure><\/div>\t\t\t<\/div>\n\t\t\t\t\t<\/div>\n\t\t\t\t\t\t<\/div>\n\t\t\t\t<\/div>\n\t\t\t\t<\/div>\n\t\t<div class=\"elementor-element elementor-element-4500f2a3 e-con-full p-b-l p-l-m p-r-m p-bt-l-mob w-1850  e-flex e-con e-parent\" data-id=\"4500f2a3\" data-element_type=\"container\" data-settings=\"{&quot;background_background&quot;:&quot;classic&quot;}\">\n\t\t<div class=\"elementor-element elementor-element-7de609fe e-con-full p-l-l-des w-1400 blacklink e-flex e-con e-child\" data-id=\"7de609fe\" data-element_type=\"container\">\n\t\t\t\t<div class=\"elementor-element elementor-element-29e0dd85 h2p p-bt-s animated-slow elementor-invisible elementor-widget elementor-widget-heading\" data-id=\"29e0dd85\" data-element_type=\"widget\" data-settings=\"{&quot;_animation&quot;:&quot;fadeIn&quot;}\" data-widget_type=\"heading.default\">\n\t\t\t\t<div class=\"elementor-widget-container\">\n\t\t\t\t\t<p class=\"elementor-heading-title elementor-size-default\">Colophon<\/p>\t\t\t\t<\/div>\n\t\t\t\t<\/div>\n\t\t\t\t<div class=\"elementor-element elementor-element-3f2ff56d p-bt-m-des  p-r-s-des animated-slow elementor-invisible elementor-widget elementor-widget-text-editor\" data-id=\"3f2ff56d\" data-element_type=\"widget\" data-settings=\"{&quot;_animation&quot;:&quot;fadeIn&quot;}\" data-widget_type=\"text-editor.default\">\n\t\t\t\t<div class=\"elementor-widget-container\">\n\t\t\t\t\t\t\t\t\t<p><strong>Wieserhof &#8211; Famiglia Fischnaller<\/strong><br \/>Via Aussereck 34<br \/>39037 Maranza<\/p><p>Telefono: +39 0472 520 105<br \/>E-Mail: <a href=\"mailto:contact@wieserhof.info\">contact@wieserhof.info<\/a><\/p><p>Cod dest: P62QHVQ<br \/><a href=\"https:\/\/www.wieserhof.info\">www.wieserhof.info<\/a><br \/>CIN: IT021074A1M56B8W87<br \/>P.IVA 02819430212<br \/>Cod.Fisc. FSCGRG87R23B160D<\/p><p>Camera di commercio di Bolzano<br \/>Numer registrazione registro imprese: FSCGRG87R23B160D<br \/>Numero REA: BZ-208419<\/p><p>Copyright per le immagini e grafiche utilizzate:<\/p><p>Konrad Lamprecht<br \/>Brandnamic<br \/><a href=\"https:\/\/www.freepik.com\/free-photo\/golf-ball-golf-club-artificial-grass_10136953.htm#fromView=search&amp;page=1&amp;position=3&amp;uuid=7c794bd2-fc75-4949-b39a-465de2eaf251&amp;query=minigolf\">Image by standret on Freepik<\/a><br \/><a href=\"https:\/\/www.freepik.com\/free-photo\/time-relaxing-sauna_10708217.htm#fromView=search&amp;page=1&amp;position=10&amp;uuid=f6b65716-e9a9-4198-ae99-d00f11147e01&amp;query=sauna\">Image by gpointstudio on Freepik<\/a><br \/><a href=\"https:\/\/www.freepik.com\/free-ai-image\/view-realistic-feet-touching-clear-running-water_138360658.htm#fromView=search&amp;page=2&amp;position=32&amp;uuid=00f92bd5-b1ab-403c-b89e-f95710cda517&amp;query=feet+water\">Image by freepik<\/a><br \/><a href=\"https:\/\/www.freepik.com\/free-photo\/friends-having-fun-with-traditional-games_23987724.htm#fromView=search&amp;page=1&amp;position=8&amp;uuid=cc3cfbe6-e329-4c04-85ec-24f6f5da6390&amp;query=brettspiel\">Image by freepik<\/a><br \/><a href=\"https:\/\/www.freepik.com\/free-photo\/close-up-kid-playing-with-sand-beach_4936752.htm#fromView=search&amp;page=1&amp;position=2&amp;uuid=294feb4c-a992-49b7-8cc9-ba0a210b0f11&amp;query=sand+spielen\">Image by freepik<\/a><br \/><a href=\"https:\/\/www.freepik.com\/free-photo\/tasty-grilled-piece-meat-metal-tongs_4623889.htm#fromView=search&amp;page=2&amp;position=16&amp;uuid=45a5bbfc-da53-41b7-bd8c-f5e9283bf4c0&amp;query=grillen+detail\">Image by freepik<\/a><\/p><p>Risoluzione delle controversie<\/p><p>Informazioni obbligatorie ai sensi del Regolamento UE n. 524\/2013 del Parlamento e Consiglio europeo. Piattaforma per la risoluzione online delle controversie (ODR) della Commissione europea:<br \/>https:\/\/ec.europa.eu\/consumers\/odr\/main\/?event=main.trader.register<\/p><p>Concetto e realizzazione<br \/>muwit d. sandra stablum<br \/>Citt\u00e1 Alta 60<br \/>39043 Chiusa<br \/>Tel. +39 347 1330206<br \/>Part. IVA 02730810211<br \/>Cod. fisc. STB SDR 88 A44 B160 S<br \/>info@muwit.it<br \/>www.muwit.it<\/p><p>Responsabile per il contenuto:<br \/>Doris Brunner<\/p><p>Dichiarazione liberatoria:<br \/>Responsabilit\u00e0 per i contenuti<\/p><p>I contenuti delle nostre pagine sono stati redatti, elaborati e controllati scrupolosamente. Tuttavia, non ci assumiamo nessuna responsabilit\u00e0 per la correttezza, qualit\u00e0, completezza e attualit\u00e0 dei contenuti, poich\u00e9 non \u00e8 da escludere che siano cambiati nel tempo. Come prestatori di servizi siamo responsabili per i contenuti di queste pagine in base alla normativa vigente. Nella nostra qualit\u00e0 di prestatori di servizi non siamo per\u00f2 obbligati a controllare l\u2019esattezza di informazioni ricevute o salvate da terzi, o a controllare se sussistano irregolarit\u00e0 che indichino un\u2019attivit\u00e0 illegale. L\u2019obbligo di rimuovere o bloccare l\u2019utilizzo di informazioni secondo la normativa vigente rimane valido. L\u2019assunzione di tale responsabilit\u00e0 \u00e8 tuttavia possibile solamente dopo il momento dell\u2019effettivo riconoscimento da parte nostra di una concreta violazione di diritto. Alla presa d\u2019atto di tali violazioni di legge provvederemo immediatamente alla rimozione dei contenuti in questione.<br \/>Si escludono di principio le rivendicazioni di responsabilit\u00e0 di qualsiasi tipo causate dall\u2019utilizzo di informazioni messe a disposizione, oppure da informazioni errate e\/o incomplete.<\/p><p>Responsabilit\u00e0 per i link<\/p><p>La nostra offerta contiene dei collegamenti ipertestuali con siti web esterni di terzi, sui cui contenuti non possiamo influire. Per questo motivo non forniamo nessuna garanzia sui contenuti dei siti web linkati, indipendentemente dal tipo e dalla natura. Ne \u00e8 responsabile solamente il relativo proprietario o gestore del sito. Un controllo permanente dei contenuti dei siti linkati al presente non \u00e8 fattibile senza concreti punti di riferimento. All\u2019avvenuta conoscenza d\u2019infrazioni contro la legge causate dai siti web linkati, i link in questione saranno subito rimossi.<\/p><p>Copyright<\/p><p>Tutti i contenuti e le opere creati dal web designer e dai gestori del sito sono protetti da copyright. La riproduzione, l\u2019alterazione, la distribuzione e qualsiasi forma di utilizzo, soprattutto per scopi commerciali, al di fuori dei limiti del diritto d\u2019autore, sono severamente vietate e ammesse esclusivamente previa autorizzazione scritta del relativo autore o creatore. Nel caso i contenuti di questa pagina non siano stati creati dal gestore, sono da rispettare i diritti di copyright di terzi. I contenuti redatti da terzi sono contrassegnati come tali. In caso doveste notare una violazione del copyright, vi preghiamo gentilmente di farci pervenire un\u2019apposita segnalazione. All\u2019atto di presa di conoscenza di tali violazioni di legge, i contenuti in questione saranno naturalmente rimossi subito, senza per\u00f2 assumerne nessuna responsabilit\u00e0.<\/p>\t\t\t\t\t\t\t\t<\/div>\n\t\t\t\t<\/div>\n\t\t\t\t<\/div>\n\t\t\t\t<\/div>\n\t\t\t\t<\/div>\n\t\t","protected":false},"excerpt":{"rendered":"<p>Colophon Wieserhof &#8211; Famiglia FischnallerVia Aussereck 3439037 Maranza Telefono: +39 0472 520 105E-Mail: contact@wieserhof.info Cod dest: P62QHVQwww.wieserhof.infoCIN: IT021074A1M56B8W87P.IVA 02819430212Cod.Fisc. FSCGRG87R23B160D Camera di commercio di BolzanoNumer registrazione registro imprese: FSCGRG87R23B160DNumero REA: BZ-208419 Copyright per le immagini e grafiche utilizzate: Konrad LamprechtBrandnamicImage by standret on FreepikImage by gpointstudio on FreepikImage by freepikImage by freepikImage by freepikImage by [&hellip;]<\/p>\n","protected":false},"author":1,"featured_media":0,"parent":0,"menu_order":0,"comment_status":"closed","ping_status":"closed","template":"","meta":{"_acf_changed":false,"footnotes":""},"class_list":["post-1736","page","type-page","status-publish","hentry"],"acf":[],"yoast_head":"<!-- This site is optimized with the Yoast SEO plugin v25.7 - https:\/\/yoast.com\/wordpress\/plugins\/seo\/ -->\n<title>Colophon - Wieserhof<\/title>\n<meta name=\"robots\" content=\"noindex, follow\" \/>\n<meta property=\"og:locale\" content=\"it_IT\" \/>\n<meta property=\"og:type\" content=\"article\" \/>\n<meta property=\"og:title\" content=\"Colophon - Wieserhof\" \/>\n<meta property=\"og:description\" content=\"Colophon Wieserhof &#8211; Famiglia FischnallerVia Aussereck 3439037 Maranza Telefono: +39 0472 520 105E-Mail: contact@wieserhof.info Cod dest: P62QHVQwww.wieserhof.infoCIN: IT021074A1M56B8W87P.IVA 02819430212Cod.Fisc. FSCGRG87R23B160D Camera di commercio di BolzanoNumer registrazione registro imprese: FSCGRG87R23B160DNumero REA: BZ-208419 Copyright per le immagini e grafiche utilizzate: Konrad LamprechtBrandnamicImage by standret on FreepikImage by gpointstudio on FreepikImage by freepikImage by freepikImage by freepikImage by [&hellip;]\" \/>\n<meta property=\"og:url\" content=\"https:\/\/www.wieserhof.info\/it\/colophon\/\" \/>\n<meta property=\"og:site_name\" content=\"Wieserhof\" \/>\n<meta property=\"article:modified_time\" content=\"2025-08-08T13:58:32+00:00\" \/>\n<meta property=\"og:image\" content=\"https:\/\/www.wieserhof.info\/wp-content\/uploads\/2025\/07\/sommer-wieserhof.jpg\" \/>\n<meta name=\"twitter:card\" content=\"summary_large_image\" \/>\n<meta name=\"twitter:label1\" content=\"Tempo di lettura stimato\" \/>\n\t<meta name=\"twitter:data1\" content=\"3 minuti\" \/>\n<script type=\"application\/ld+json\" class=\"yoast-schema-graph\">{\"@context\":\"https:\/\/schema.org\",\"@graph\":[{\"@type\":\"WebPage\",\"@id\":\"https:\/\/www.wieserhof.info\/it\/colophon\/\",\"url\":\"https:\/\/www.wieserhof.info\/it\/colophon\/\",\"name\":\"Colophon - Wieserhof\",\"isPartOf\":{\"@id\":\"https:\/\/www.wieserhof.info\/it\/#website\"},\"primaryImageOfPage\":{\"@id\":\"https:\/\/www.wieserhof.info\/it\/colophon\/#primaryimage\"},\"image\":{\"@id\":\"https:\/\/www.wieserhof.info\/it\/colophon\/#primaryimage\"},\"thumbnailUrl\":\"https:\/\/www.wieserhof.info\/wp-content\/uploads\/2025\/07\/sommer-wieserhof.jpg\",\"datePublished\":\"2025-07-02T14:50:30+00:00\",\"dateModified\":\"2025-08-08T13:58:32+00:00\",\"breadcrumb\":{\"@id\":\"https:\/\/www.wieserhof.info\/it\/colophon\/#breadcrumb\"},\"inLanguage\":\"it-IT\",\"potentialAction\":[{\"@type\":\"ReadAction\",\"target\":[\"https:\/\/www.wieserhof.info\/it\/colophon\/\"]}]},{\"@type\":\"ImageObject\",\"inLanguage\":\"it-IT\",\"@id\":\"https:\/\/www.wieserhof.info\/it\/colophon\/#primaryimage\",\"url\":\"https:\/\/www.wieserhof.info\/wp-content\/uploads\/2025\/07\/sommer-wieserhof.jpg\",\"contentUrl\":\"https:\/\/www.wieserhof.info\/wp-content\/uploads\/2025\/07\/sommer-wieserhof.jpg\"},{\"@type\":\"BreadcrumbList\",\"@id\":\"https:\/\/www.wieserhof.info\/it\/colophon\/#breadcrumb\",\"itemListElement\":[{\"@type\":\"ListItem\",\"position\":1,\"name\":\"Startseite\",\"item\":\"https:\/\/www.wieserhof.info\/it\/\"},{\"@type\":\"ListItem\",\"position\":2,\"name\":\"Colophon\"}]},{\"@type\":\"WebSite\",\"@id\":\"https:\/\/www.wieserhof.info\/it\/#website\",\"url\":\"https:\/\/www.wieserhof.info\/it\/\",\"name\":\"Wieserhof\",\"description\":\"\",\"publisher\":{\"@id\":\"https:\/\/www.wieserhof.info\/it\/#organization\"},\"potentialAction\":[{\"@type\":\"SearchAction\",\"target\":{\"@type\":\"EntryPoint\",\"urlTemplate\":\"https:\/\/www.wieserhof.info\/it\/?s={search_term_string}\"},\"query-input\":{\"@type\":\"PropertyValueSpecification\",\"valueRequired\":true,\"valueName\":\"search_term_string\"}}],\"inLanguage\":\"it-IT\"},{\"@type\":\"Organization\",\"@id\":\"https:\/\/www.wieserhof.info\/it\/#organization\",\"name\":\"Wieserhof\",\"url\":\"https:\/\/www.wieserhof.info\/it\/\",\"logo\":{\"@type\":\"ImageObject\",\"inLanguage\":\"it-IT\",\"@id\":\"https:\/\/www.wieserhof.info\/it\/#\/schema\/logo\/image\/\",\"url\":\"https:\/\/www.wieserhof.info\/wp-content\/uploads\/2025\/06\/logo-wieserhof.svg\",\"contentUrl\":\"https:\/\/www.wieserhof.info\/wp-content\/uploads\/2025\/06\/logo-wieserhof.svg\",\"width\":307,\"height\":212,\"caption\":\"Wieserhof\"},\"image\":{\"@id\":\"https:\/\/www.wieserhof.info\/it\/#\/schema\/logo\/image\/\"}}]}<\/script>\n<!-- \/ Yoast SEO plugin. -->","yoast_head_json":{"title":"Colophon - Wieserhof","robots":{"index":"noindex","follow":"follow"},"og_locale":"it_IT","og_type":"article","og_title":"Colophon - Wieserhof","og_description":"Colophon Wieserhof &#8211; Famiglia FischnallerVia Aussereck 3439037 Maranza Telefono: +39 0472 520 105E-Mail: contact@wieserhof.info Cod dest: P62QHVQwww.wieserhof.infoCIN: IT021074A1M56B8W87P.IVA 02819430212Cod.Fisc. FSCGRG87R23B160D Camera di commercio di BolzanoNumer registrazione registro imprese: FSCGRG87R23B160DNumero REA: BZ-208419 Copyright per le immagini e grafiche utilizzate: Konrad LamprechtBrandnamicImage by standret on FreepikImage by gpointstudio on FreepikImage by freepikImage by freepikImage by freepikImage by [&hellip;]","og_url":"https:\/\/www.wieserhof.info\/it\/colophon\/","og_site_name":"Wieserhof","article_modified_time":"2025-08-08T13:58:32+00:00","og_image":[{"url":"https:\/\/www.wieserhof.info\/wp-content\/uploads\/2025\/07\/sommer-wieserhof.jpg","type":"","width":"","height":""}],"twitter_card":"summary_large_image","twitter_misc":{"Tempo di lettura stimato":"3 minuti"},"schema":{"@context":"https:\/\/schema.org","@graph":[{"@type":"WebPage","@id":"https:\/\/www.wieserhof.info\/it\/colophon\/","url":"https:\/\/www.wieserhof.info\/it\/colophon\/","name":"Colophon - Wieserhof","isPartOf":{"@id":"https:\/\/www.wieserhof.info\/it\/#website"},"primaryImageOfPage":{"@id":"https:\/\/www.wieserhof.info\/it\/colophon\/#primaryimage"},"image":{"@id":"https:\/\/www.wieserhof.info\/it\/colophon\/#primaryimage"},"thumbnailUrl":"https:\/\/www.wieserhof.info\/wp-content\/uploads\/2025\/07\/sommer-wieserhof.jpg","datePublished":"2025-07-02T14:50:30+00:00","dateModified":"2025-08-08T13:58:32+00:00","breadcrumb":{"@id":"https:\/\/www.wieserhof.info\/it\/colophon\/#breadcrumb"},"inLanguage":"it-IT","potentialAction":[{"@type":"ReadAction","target":["https:\/\/www.wieserhof.info\/it\/colophon\/"]}]},{"@type":"ImageObject","inLanguage":"it-IT","@id":"https:\/\/www.wieserhof.info\/it\/colophon\/#primaryimage","url":"https:\/\/www.wieserhof.info\/wp-content\/uploads\/2025\/07\/sommer-wieserhof.jpg","contentUrl":"https:\/\/www.wieserhof.info\/wp-content\/uploads\/2025\/07\/sommer-wieserhof.jpg"},{"@type":"BreadcrumbList","@id":"https:\/\/www.wieserhof.info\/it\/colophon\/#breadcrumb","itemListElement":[{"@type":"ListItem","position":1,"name":"Startseite","item":"https:\/\/www.wieserhof.info\/it\/"},{"@type":"ListItem","position":2,"name":"Colophon"}]},{"@type":"WebSite","@id":"https:\/\/www.wieserhof.info\/it\/#website","url":"https:\/\/www.wieserhof.info\/it\/","name":"Wieserhof","description":"","publisher":{"@id":"https:\/\/www.wieserhof.info\/it\/#organization"},"potentialAction":[{"@type":"SearchAction","target":{"@type":"EntryPoint","urlTemplate":"https:\/\/www.wieserhof.info\/it\/?s={search_term_string}"},"query-input":{"@type":"PropertyValueSpecification","valueRequired":true,"valueName":"search_term_string"}}],"inLanguage":"it-IT"},{"@type":"Organization","@id":"https:\/\/www.wieserhof.info\/it\/#organization","name":"Wieserhof","url":"https:\/\/www.wieserhof.info\/it\/","logo":{"@type":"ImageObject","inLanguage":"it-IT","@id":"https:\/\/www.wieserhof.info\/it\/#\/schema\/logo\/image\/","url":"https:\/\/www.wieserhof.info\/wp-content\/uploads\/2025\/06\/logo-wieserhof.svg","contentUrl":"https:\/\/www.wieserhof.info\/wp-content\/uploads\/2025\/06\/logo-wieserhof.svg","width":307,"height":212,"caption":"Wieserhof"},"image":{"@id":"https:\/\/www.wieserhof.info\/it\/#\/schema\/logo\/image\/"}}]}},"_links":{"self":[{"href":"https:\/\/www.wieserhof.info\/it\/wp-json\/wp\/v2\/pages\/1736","targetHints":{"allow":["GET"]}}],"collection":[{"href":"https:\/\/www.wieserhof.info\/it\/wp-json\/wp\/v2\/pages"}],"about":[{"href":"https:\/\/www.wieserhof.info\/it\/wp-json\/wp\/v2\/types\/page"}],"author":[{"embeddable":true,"href":"https:\/\/www.wieserhof.info\/it\/wp-json\/wp\/v2\/users\/1"}],"replies":[{"embeddable":true,"href":"https:\/\/www.wieserhof.info\/it\/wp-json\/wp\/v2\/comments?post=1736"}],"version-history":[{"count":8,"href":"https:\/\/www.wieserhof.info\/it\/wp-json\/wp\/v2\/pages\/1736\/revisions"}],"predecessor-version":[{"id":1862,"href":"https:\/\/www.wieserhof.info\/it\/wp-json\/wp\/v2\/pages\/1736\/revisions\/1862"}],"wp:attachment":[{"href":"https:\/\/www.wieserhof.info\/it\/wp-json\/wp\/v2\/media?parent=1736"}],"curies":[{"name":"wp","href":"https:\/\/api.w.org\/{rel}","templated":true}]}}